{"id":918,"date":"2021-11-14T22:27:08","date_gmt":"2021-11-14T21:27:08","guid":{"rendered":"https:\/\/klinikagrzesiak.pl\/kontakt\/"},"modified":"2022-10-11T14:53:33","modified_gmt":"2022-10-11T12:53:33","slug":"kontakt","status":"publish","type":"page","link":"https:\/\/klinikagrzesiak.pl\/de\/kontakt\/","title":{"rendered":"Kontakt"},"content":{"rendered":"\n<p>Standort: Warschau, Czerniakowska-Stra\u00dfe 178A.<\/p>\n\n\n\n<p>Telefonische Konsultationen \u00fcber Telefonnummer +48 <meta charset=\"utf-8\">572 312 121.<\/p>\n\n\n\n<p>Wenn Sie weitere Informationen w\u00fcnschen oder Fragen haben, rufen Sie uns bitte an oder f\u00fcllen Sie das nachstehende Formular aus. Wir werden uns in K\u00fcrze mit Ihnen in Verbindung setzen.<\/p>\n","protected":false},"excerpt":{"rendered":"<p>Standort: Warschau, Czerniakowska-Stra\u00dfe 178A. Telefonische Konsultationen \u00fcber Telefonnummer +48 572 312 121. Wenn Sie weitere Informationen w\u00fcnschen oder Fragen haben, rufen Sie uns bitte an oder f\u00fcllen Sie das nachstehende Formular aus. Wir werden uns in K\u00fcrze mit Ihnen in Verbindung setzen.<\/p>\n","protected":false},"author":1,"featured_media":0,"parent":0,"menu_order":0,"comment_status":"closed","ping_status":"closed","template":"page-kontakt.php","meta":{"_acf_changed":false,"footnotes":""},"class_list":["post-918","page","type-page","status-publish","hentry"],"acf":[],"_links":{"self":[{"href":"https:\/\/klinikagrzesiak.pl\/de\/wp-json\/wp\/v2\/pages\/918","targetHints":{"allow":["GET"]}}],"collection":[{"href":"https:\/\/klinikagrzesiak.pl\/de\/wp-json\/wp\/v2\/pages"}],"about":[{"href":"https:\/\/klinikagrzesiak.pl\/de\/wp-json\/wp\/v2\/types\/page"}],"author":[{"embeddable":true,"href":"https:\/\/klinikagrzesiak.pl\/de\/wp-json\/wp\/v2\/users\/1"}],"replies":[{"embeddable":true,"href":"https:\/\/klinikagrzesiak.pl\/de\/wp-json\/wp\/v2\/comments?post=918"}],"version-history":[{"count":4,"href":"https:\/\/klinikagrzesiak.pl\/de\/wp-json\/wp\/v2\/pages\/918\/revisions"}],"predecessor-version":[{"id":1474,"href":"https:\/\/klinikagrzesiak.pl\/de\/wp-json\/wp\/v2\/pages\/918\/revisions\/1474"}],"wp:attachment":[{"href":"https:\/\/klinikagrzesiak.pl\/de\/wp-json\/wp\/v2\/media?parent=918"}],"curies":[{"name":"wp","href":"https:\/\/api.w.org\/{rel}","templated":true}]}}