{"id":991,"date":"2021-11-26T09:32:22","date_gmt":"2021-11-26T08:32:22","guid":{"rendered":"https:\/\/klinikagrzesiak.pl\/o-klinice\/"},"modified":"2022-03-16T13:17:47","modified_gmt":"2022-03-16T12:17:47","slug":"unsere-klinik","status":"publish","type":"page","link":"https:\/\/klinikagrzesiak.pl\/de\/unsere-klinik\/","title":{"rendered":"Klinik Grzesiak"},"content":{"rendered":"\n<p>Die Klinik Grzesiak ist aus der innovativen Methode der Brustrekonstruktion mittels Eigenfetttransplantation bekannt. In der Klinik wird die modernste Software \u2013&nbsp;<em>Mirror&nbsp;<\/em>benutzt, die eine Simulation und genaue Planung der Nasenkorrektur aufgrund Patientenbilder erm\u00f6glicht. Das wichtigste Ziel von Dr. Grzesiak ist das Erreichen eines nat\u00fcrlichen Aussehens, Sicherheit und h\u00f6chste Qualit\u00e4t der medizinischen Betreuung.<\/p>\n","protected":false},"excerpt":{"rendered":"<p>Die Klinik Grzesiak ist aus der innovativen Methode der Brustrekonstruktion mittels Eigenfetttransplantation bekannt. In der Klinik wird die modernste Software \u2013&nbsp;Mirror&nbsp;benutzt, die eine Simulation und genaue Planung der Nasenkorrektur aufgrund Patientenbilder erm\u00f6glicht. Das wichtigste Ziel von Dr. Grzesiak ist das Erreichen eines nat\u00fcrlichen Aussehens, Sicherheit und h\u00f6chste Qualit\u00e4t der medizinischen Betreuung.<\/p>\n","protected":false},"author":1,"featured_media":0,"parent":0,"menu_order":0,"comment_status":"closed","ping_status":"closed","template":"","meta":{"_acf_changed":false,"footnotes":""},"class_list":["post-991","page","type-page","status-publish","hentry"],"acf":[],"_links":{"self":[{"href":"https:\/\/klinikagrzesiak.pl\/de\/wp-json\/wp\/v2\/pages\/991","targetHints":{"allow":["GET"]}}],"collection":[{"href":"https:\/\/klinikagrzesiak.pl\/de\/wp-json\/wp\/v2\/pages"}],"about":[{"href":"https:\/\/klinikagrzesiak.pl\/de\/wp-json\/wp\/v2\/types\/page"}],"author":[{"embeddable":true,"href":"https:\/\/klinikagrzesiak.pl\/de\/wp-json\/wp\/v2\/users\/1"}],"replies":[{"embeddable":true,"href":"https:\/\/klinikagrzesiak.pl\/de\/wp-json\/wp\/v2\/comments?post=991"}],"version-history":[{"count":3,"href":"https:\/\/klinikagrzesiak.pl\/de\/wp-json\/wp\/v2\/pages\/991\/revisions"}],"predecessor-version":[{"id":996,"href":"https:\/\/klinikagrzesiak.pl\/de\/wp-json\/wp\/v2\/pages\/991\/revisions\/996"}],"wp:attachment":[{"href":"https:\/\/klinikagrzesiak.pl\/de\/wp-json\/wp\/v2\/media?parent=991"}],"curies":[{"name":"wp","href":"https:\/\/api.w.org\/{rel}","templated":true}]}}